{"id":101,"date":"2019-09-27T13:26:40","date_gmt":"2019-09-27T11:26:40","guid":{"rendered":"https:\/\/qosqo.webdev.lu\/?page_id=101"},"modified":"2019-12-02T15:33:53","modified_gmt":"2019-12-02T14:33:53","slug":"politique-des-cookies","status":"publish","type":"page","link":"https:\/\/qosqo.lu\/fr\/politique-des-cookies\/","title":{"rendered":"Politique des cookies"},"content":{"rendered":"<p>&nbsp;<\/p>\n<p><strong>QU\u2019EST-CE QU\u2019UN COOKIE ?<\/strong><\/p>\n<p>Un cookie est un petit fichier de donn\u00e9es ou de texte qui est plac\u00e9 sur votre ordinateur par des sites web. Il en existe de diff\u00e9rentes sortes comme par exemple les cookies techniques qui sont utilis\u00e9s pour param\u00e9trer la langue du site web, les cookies de sessions (\u00e9galement appel\u00e9s cookies temporaires) et les cookies de pistage install\u00e9s afin d\u2019optimiser le site web en fonction de votre comportement.<\/p>\n<p><strong>QUELLE EST L\u2019UTILIT\u00c9 DE CES COOKIES ?<\/strong><\/p>\n<p>QoSQo veut vous informer au mieux de la l\u00e9gislation Europ\u00e9enne relative aux cookies que nous utilisons. Les cookies aident QoSQo \u00e0 optimiser votre visite sur notre site web, \u00e0 m\u00e9moriser des choix techniques (par exemple un choix de langue, une lettre d\u2019information, etc.) et \u00e0 vous proposer des services et des offres plus pertinents. Les cookies que nous utilisons sont s\u00fbrs et nous aident entre autres \u00e0 identifier d\u2019\u00e9ventuelles erreurs. Il est possible que les cookies enregistrent des informations qui vous sont directement li\u00e9es.<br \/>\nSi vous voulez consulter le site web de QoSQo , nous vous recommandons d\u2019accepter les cookies. Cependant, vous \u00eates libre de ne pas les accepter.<\/p>\n<p><strong>Google<\/strong><\/p>\n<p><img loading=\"lazy\" decoding=\"async\" class=\"alignnone size-medium wp-image-415\" src=\"https:\/\/qosqo.lu\/wp-content\/uploads\/2019\/10\/gdpr-300x296.png\" alt=\"\" width=\"300\" height=\"296\" srcset=\"https:\/\/qosqo.lu\/wp-content\/uploads\/2019\/10\/gdpr-300x296.png 300w, https:\/\/qosqo.lu\/wp-content\/uploads\/2019\/10\/gdpr-768x757.png 768w, https:\/\/qosqo.lu\/wp-content\/uploads\/2019\/10\/gdpr-100x100.png 100w, https:\/\/qosqo.lu\/wp-content\/uploads\/2019\/10\/gdpr.png 943w\" sizes=\"(max-width: 300px) 100vw, 300px\" \/><\/p>\n<p><strong>Facebook<\/strong><\/p>\n<p><img loading=\"lazy\" decoding=\"async\" class=\"alignnone size-medium wp-image-416\" src=\"https:\/\/qosqo.lu\/wp-content\/uploads\/2019\/10\/gdpr2-231x300.png\" alt=\"\" width=\"231\" height=\"300\" srcset=\"https:\/\/qosqo.lu\/wp-content\/uploads\/2019\/10\/gdpr2-231x300.png 231w, https:\/\/qosqo.lu\/wp-content\/uploads\/2019\/10\/gdpr2-768x998.png 768w, https:\/\/qosqo.lu\/wp-content\/uploads\/2019\/10\/gdpr2-788x1024.png 788w, https:\/\/qosqo.lu\/wp-content\/uploads\/2019\/10\/gdpr2.png 943w\" sizes=\"(max-width: 231px) 100vw, 231px\" \/><\/p>\n<p><strong>Technical<\/strong><\/p>\n<p><img loading=\"lazy\" decoding=\"async\" class=\"alignnone size-medium wp-image-417\" src=\"https:\/\/qosqo.lu\/wp-content\/uploads\/2019\/10\/GDPR3-300x148.png\" alt=\"\" width=\"300\" height=\"148\" srcset=\"https:\/\/qosqo.lu\/wp-content\/uploads\/2019\/10\/GDPR3-300x148.png 300w, https:\/\/qosqo.lu\/wp-content\/uploads\/2019\/10\/GDPR3-768x380.png 768w, https:\/\/qosqo.lu\/wp-content\/uploads\/2019\/10\/GDPR3.png 943w\" sizes=\"(max-width: 300px) 100vw, 300px\" \/><\/p>\n<p><strong>GESTION DES COOKIES<\/strong><\/p>\n<p>L\u2019enregistrement d\u2019un cookie dans votre terminal est subordonn\u00e9 \u00e0 votre volont\u00e9. Gr\u00e2ce \u00e0 l\u2019outil Ghostery ou aux param\u00e9trages de votre logiciel de navigation, vous pouvez, \u00e0 tout moment, simplement et gratuitement, choisir d\u2019accepter ou non l\u2019enregistrement de cookies sur votre terminal.<\/p>\n<ul>\n<li>Les choix qui vous sont offerts gr\u00e2ce \u00e0 l\u2019outil Ghostery<br \/>\nAvec l\u2019outil Ghostery, vous pouvez choisir les cookies pouvant \u00eatre d\u00e9pos\u00e9s sur votre site internet, \u00e0 l\u2019exception des cookies essentiels, strictement n\u00e9cessaires \u00e0 la navigation du site https:\/\/qosqo.lu ainsi qu\u2019au pilotage de l\u2019activit\u00e9 du site https:\/\/lequaisteffen.lu<br \/>\nLe param\u00e9trage sur une plateforme de gestion des cookies<br \/>\nSi vous ne souhaitez pas que le site https:\/\/qosqo.lu puisse d\u00e9poser tout ou partie des Cookies, vous pouvez nous faire part de vos choix en cliquant sur <a href=\"https:\/\/www.google.com\/\">ce lien<\/a>.<\/li>\n<li>Les choix qui vous sont offerts par votre logiciel de navigation (Internet Explorer, Firefox, Google Chrome, etc.).<br \/>\nVous pouvez configurer votre logiciel de navigation selon votre volont\u00e9, de mani\u00e8re \u00e0 ce que des cookies soient (1) accept\u00e9s et enregistr\u00e9s dans votre terminal ou, au contraire, (2) afin qu\u2019ils soient refus\u00e9s.<\/li>\n<\/ul>\n<p><strong>1. L\u2019accord sur les Cookies<\/strong><\/p>\n<p>Si votre logiciel de navigation est param\u00e9tr\u00e9 de mani\u00e8re \u00e0 accepter l\u2019enregistrement de cookies dans votre terminal, les cookies int\u00e9gr\u00e9s dans les pages et contenus que vous avez consult\u00e9s seront syst\u00e9matiquement enregistr\u00e9s dans votre terminal.<\/p>\n<p><strong style=\"font-size: 1rem;\">2. Le refus des Cookies<\/strong><\/p>\n<p>Vous pouvez param\u00e9trer votre logiciel de navigation de mani\u00e8re :<\/p>\n<ul>\n<li style=\"list-style-type: none;\">\n<ol>\n<li style=\"list-style-type: none;\">\n<ul>\n<li style=\"list-style-type: none;\">\n<ul>\n<li>\u00e0 ce que l\u2019acceptation ou le refus des cookies vous soient propos\u00e9s ponctuellement, avant qu\u2019un cookie soit susceptible d\u2019\u00eatre enregistr\u00e9 ;<\/li>\n<li>\u00e0 refuser syst\u00e9matiquement l\u2019enregistrement de cookies dans votre terminal.<br \/>\nAttention : tout param\u00e9trage que vous pouvez entreprendre sur votre logiciel de navigation concernant l\u2019acceptation ou le refus des cookies sera susceptible de modifier votre navigation sur Internet et vos conditions d\u2019acc\u00e8s \u00e0 certains services n\u00e9cessitant l\u2019utilisation de ces m\u00eames cookies.<br \/>\nSi vous choisissez de refuser l\u2019enregistrement de cookies dans votre terminal ou si vous supprimez ceux qui y sont enregistr\u00e9s,\u00a0nous d\u00e9clinons toute responsabilit\u00e9 pour les cons\u00e9quences li\u00e9es au fonctionnement d\u00e9grad\u00e9 de nos services r\u00e9sultant de l\u2019impossibilit\u00e9 pour nous d\u2019enregistrer ou de consulter les cookies n\u00e9cessaires \u00e0 leur fonctionnement et que vous auriez refus\u00e9s ou supprim\u00e9s.<\/li>\n<\/ul>\n<\/li>\n<\/ul>\n<\/li>\n<\/ol>\n<\/li>\n<\/ul>\n<p><strong>COMMENT EXERCER VOS CHOIX, SELON LE NAVIGATEUR QUE VOUS UTILISEZ ?<\/strong><\/p>\n<p>La configuration de chaque logiciel de navigation est diff\u00e9rente. Elle est g\u00e9n\u00e9ralement d\u00e9crite dans le menu d\u2019aide de votre logiciel de navigation. Nous vous invitons donc \u00e0 en prendre connaissance. Vous pourrez ainsi savoir de quelle mani\u00e8re modifier vos souhaits en mati\u00e8re de cookies.<\/p>\n<ul>\n<li>Pour\u00a0<a href=\"http:\/\/windows.microsoft.com\/fr-FR\/windows-vista\/Block-or-allow-cookies\">Internet Explorer\u2122<\/a><\/li>\n<li>Pour\u00a0<a href=\"https:\/\/support.apple.com\/kb\/PH19214?locale=fr_FR&amp;viewlocale=fr_FR\">Safari\u2122<\/a><\/li>\n<li>Pour\u00a0<a href=\"http:\/\/support.google.com\/chrome\/bin\/answer.py?hl=fr&amp;hlrm=en&amp;answer=95647\">Chrome\u2122<\/a><\/li>\n<li>Pour\u00a0<a href=\"http:\/\/support.mozilla.org\/fr\/kb\/Activer%20et%20d%C3%A9sactiver%20les%20cookies\">Firefox\u2122<\/a><\/li>\n<li>Pour\u00a0<a href=\"http:\/\/help.opera.com\/Windows\/10.20\/fr\/cookies.html\">Opera\u2122<\/a><\/li>\n<\/ul>\n<p><strong>DROIT \u00c0 L\u2019OUBLI ?<\/strong><\/p>\n<p>De mani\u00e8re g\u00e9n\u00e9rale, conform\u00e9ment \u00e0 l\u2019article 25 de la loi modifi\u00e9e du 2 ao\u00fbt 2002 relative \u00e0 la protection des personnes \u00e0 l\u2019\u00e9gard du traitement des donn\u00e9es \u00e0 caract\u00e8re personnel, vous disposez d\u2019un droit d\u2019acc\u00e8s et, d\u2019un droit de rectification et de suppression sur vos donn\u00e9es. Vous pouvez \u00e9galement vous opposer pour un motif l\u00e9gitime \u00e0 l\u2019utilisation de vos donn\u00e9es, ou sans avoir \u00e0 justifier de motif lorsque votre droit d\u2019opposition vise \u00e0 faire cesser toute prospection de https:\/\/lequaisteffen.lu.\u00a0Vous pouvez enfin d\u00e9finir des directives relatives \u00e0 la conservation, l\u2019effacement et la communication de vos donn\u00e9es \u00e0 caract\u00e8re personnel apr\u00e8s votre d\u00e9c\u00e8s. Pour exercer vos droits, il vous suffit de nous \u00e9crire sur <a href=\"mailto:info@happymex.lu\"><u>info@happymex.lu <\/u><\/a>ou par courrier \u00e0 QoSQo, 15, place d\u2019Armes L- 1136 Luxembourg-Ville en nous indiquant vos nom, pr\u00e9nom, adresse e-mail. Conform\u00e9ment \u00e0 la r\u00e9glementation en vigueur, toute demande d\u2019exercice de vos droits doit \u00eatre sign\u00e9e et accompagn\u00e9e de la photocopie d\u2019un titre d\u2019identit\u00e9 portant votre signature et pr\u00e9ciser l\u2019adresse \u00e0 laquelle doit vous parvenir la r\u00e9ponse. Une r\u00e9ponse vous sera alors adress\u00e9e dans un d\u00e9lai de 2 mois suivant la r\u00e9ception de la demande.<\/p>\n<p><strong>VIOLATION\/PERTES DE DONN\u00c9ES<\/strong><\/p>\n<p>Toutes perte\/violation des donn\u00e9es personnelles sera notifi\u00e9e \u00e0 la\u00a0CNPD dans les 72 heures ainsi qu\u2019aux personnes concern\u00e9es en vertu de la loi du 25 mai 2018, du r\u00e8glement (UE) 2016\/679 du Parlement europ\u00e9en et du Conseil du 27 avril 2016 relatif \u00e0 la protection des personnes physiques \u00e0 l\u2019\u00e9gard du traitement des donn\u00e9es \u00e0 caract\u00e8re personnel et \u00e0 la libre circulation de ces donn\u00e9es.<\/p>\n<p>&nbsp;<\/p>","protected":false},"excerpt":{"rendered":"<p>&nbsp; QU\u2019EST-CE QU\u2019UN COOKIE ? Un cookie est un petit fichier de donn\u00e9es ou de texte qui est plac\u00e9 sur votre ordinateur par des sites web. Il en existe de diff\u00e9rentes sortes comme par exemple les cookies techniques qui sont utilis\u00e9s pour param\u00e9trer la langue du site web, les cookies de sessions (\u00e9galement appel\u00e9s cookies&hellip;<\/p>\n","protected":false},"author":1,"featured_media":0,"parent":0,"menu_order":9,"comment_status":"closed","ping_status":"closed","template":"","meta":{"footnotes":""},"yoast_head":"<!-- This site is optimized with the Yoast SEO plugin v21.6 - https:\/\/yoast.com\/wordpress\/plugins\/seo\/ -->\n<title>Politique des cookies - QoSQo<\/title>\n<meta name=\"description\" content=\"Avec QoSQo, embarquez sur les routes de l\u2019Am\u00e9rique latine dans un cadre authentique et tendance pour d\u00e9couvrir une cuisine contemporaine.\" \/>\n<meta name=\"robots\" content=\"index, follow, max-snippet:-1, max-image-preview:large, max-video-preview:-1\" \/>\n<link rel=\"canonical\" href=\"https:\/\/qosqo.lu\/fr\/politique-des-cookies\/\" \/>\n<meta property=\"og:locale\" content=\"fr_FR\" \/>\n<meta property=\"og:type\" content=\"article\" \/>\n<meta property=\"og:title\" content=\"Politique des cookies - QoSQo\" \/>\n<meta property=\"og:description\" content=\"Avec QoSQo, embarquez sur les routes de l\u2019Am\u00e9rique latine dans un cadre authentique et tendance pour d\u00e9couvrir une cuisine contemporaine.\" \/>\n<meta property=\"og:url\" content=\"https:\/\/qosqo.lu\/fr\/politique-des-cookies\/\" \/>\n<meta property=\"og:site_name\" content=\"QoSQo\" \/>\n<meta property=\"article:modified_time\" content=\"2019-12-02T14:33:53+00:00\" \/>\n<meta property=\"og:image\" content=\"https:\/\/qosqo.lu\/wp-content\/uploads\/2019\/10\/gdpr-300x296.png\" \/>\n<meta name=\"twitter:card\" content=\"summary_large_image\" \/>\n<meta name=\"twitter:label1\" content=\"Est. reading time\" \/>\n\t<meta name=\"twitter:data1\" content=\"10 minutes\" \/>\n<script type=\"application\/ld+json\" class=\"yoast-schema-graph\">{\"@context\":\"https:\/\/schema.org\",\"@graph\":[{\"@type\":\"WebPage\",\"@id\":\"https:\/\/qosqo.lu\/fr\/politique-des-cookies\/\",\"url\":\"https:\/\/qosqo.lu\/fr\/politique-des-cookies\/\",\"name\":\"Politique des cookies - QoSQo\",\"isPartOf\":{\"@id\":\"https:\/\/qosqo.lu\/fr\/#website\"},\"datePublished\":\"2019-09-27T11:26:40+00:00\",\"dateModified\":\"2019-12-02T14:33:53+00:00\",\"description\":\"Avec QoSQo, embarquez sur les routes de l\u2019Am\u00e9rique latine dans un cadre authentique et tendance pour d\u00e9couvrir une cuisine contemporaine.\",\"breadcrumb\":{\"@id\":\"https:\/\/qosqo.lu\/fr\/politique-des-cookies\/#breadcrumb\"},\"inLanguage\":\"fr-FR\",\"potentialAction\":[{\"@type\":\"ReadAction\",\"target\":[\"https:\/\/qosqo.lu\/fr\/politique-des-cookies\/\"]}]},{\"@type\":\"BreadcrumbList\",\"@id\":\"https:\/\/qosqo.lu\/fr\/politique-des-cookies\/#breadcrumb\",\"itemListElement\":[{\"@type\":\"ListItem\",\"position\":1,\"name\":\"Home\",\"item\":\"https:\/\/qosqo.lu\/\"},{\"@type\":\"ListItem\",\"position\":2,\"name\":\"Politique des cookies\"}]},{\"@type\":\"WebSite\",\"@id\":\"https:\/\/qosqo.lu\/fr\/#website\",\"url\":\"https:\/\/qosqo.lu\/fr\/\",\"name\":\"QoSQo\",\"description\":\"\",\"publisher\":{\"@id\":\"https:\/\/qosqo.lu\/fr\/#organization\"},\"potentialAction\":[{\"@type\":\"SearchAction\",\"target\":{\"@type\":\"EntryPoint\",\"urlTemplate\":\"https:\/\/qosqo.lu\/fr\/?s={search_term_string}\"},\"query-input\":\"required name=search_term_string\"}],\"inLanguage\":\"fr-FR\"},{\"@type\":\"Organization\",\"@id\":\"https:\/\/qosqo.lu\/fr\/#organization\",\"name\":\"QoSQo\",\"url\":\"https:\/\/qosqo.lu\/fr\/\",\"logo\":{\"@type\":\"ImageObject\",\"inLanguage\":\"fr-FR\",\"@id\":\"https:\/\/qosqo.lu\/fr\/#\/schema\/logo\/image\/\",\"url\":\"https:\/\/qosqo.lu\/wp-content\/uploads\/2019\/09\/cropped-logo-1.png\",\"contentUrl\":\"https:\/\/qosqo.lu\/wp-content\/uploads\/2019\/09\/cropped-logo-1.png\",\"width\":639,\"height\":250,\"caption\":\"QoSQo\"},\"image\":{\"@id\":\"https:\/\/qosqo.lu\/fr\/#\/schema\/logo\/image\/\"}}]}<\/script>\n<!-- \/ Yoast SEO plugin. -->","yoast_head_json":{"title":"Politique des cookies - QoSQo","description":"Avec QoSQo, embarquez sur les routes de l\u2019Am\u00e9rique latine dans un cadre authentique et tendance pour d\u00e9couvrir une cuisine contemporaine.","robots":{"index":"index","follow":"follow","max-snippet":"max-snippet:-1","max-image-preview":"max-image-preview:large","max-video-preview":"max-video-preview:-1"},"canonical":"https:\/\/qosqo.lu\/fr\/politique-des-cookies\/","og_locale":"fr_FR","og_type":"article","og_title":"Politique des cookies - QoSQo","og_description":"Avec QoSQo, embarquez sur les routes de l\u2019Am\u00e9rique latine dans un cadre authentique et tendance pour d\u00e9couvrir une cuisine contemporaine.","og_url":"https:\/\/qosqo.lu\/fr\/politique-des-cookies\/","og_site_name":"QoSQo","article_modified_time":"2019-12-02T14:33:53+00:00","og_image":[{"url":"https:\/\/qosqo.lu\/wp-content\/uploads\/2019\/10\/gdpr-300x296.png"}],"twitter_card":"summary_large_image","twitter_misc":{"Est. reading time":"10 minutes"},"schema":{"@context":"https:\/\/schema.org","@graph":[{"@type":"WebPage","@id":"https:\/\/qosqo.lu\/fr\/politique-des-cookies\/","url":"https:\/\/qosqo.lu\/fr\/politique-des-cookies\/","name":"Politique des cookies - QoSQo","isPartOf":{"@id":"https:\/\/qosqo.lu\/fr\/#website"},"datePublished":"2019-09-27T11:26:40+00:00","dateModified":"2019-12-02T14:33:53+00:00","description":"Avec QoSQo, embarquez sur les routes de l\u2019Am\u00e9rique latine dans un cadre authentique et tendance pour d\u00e9couvrir une cuisine contemporaine.","breadcrumb":{"@id":"https:\/\/qosqo.lu\/fr\/politique-des-cookies\/#breadcrumb"},"inLanguage":"fr-FR","potentialAction":[{"@type":"ReadAction","target":["https:\/\/qosqo.lu\/fr\/politique-des-cookies\/"]}]},{"@type":"BreadcrumbList","@id":"https:\/\/qosqo.lu\/fr\/politique-des-cookies\/#breadcrumb","itemListElement":[{"@type":"ListItem","position":1,"name":"Home","item":"https:\/\/qosqo.lu\/"},{"@type":"ListItem","position":2,"name":"Politique des cookies"}]},{"@type":"WebSite","@id":"https:\/\/qosqo.lu\/fr\/#website","url":"https:\/\/qosqo.lu\/fr\/","name":"QoSQo","description":"","publisher":{"@id":"https:\/\/qosqo.lu\/fr\/#organization"},"potentialAction":[{"@type":"SearchAction","target":{"@type":"EntryPoint","urlTemplate":"https:\/\/qosqo.lu\/fr\/?s={search_term_string}"},"query-input":"required name=search_term_string"}],"inLanguage":"fr-FR"},{"@type":"Organization","@id":"https:\/\/qosqo.lu\/fr\/#organization","name":"QoSQo","url":"https:\/\/qosqo.lu\/fr\/","logo":{"@type":"ImageObject","inLanguage":"fr-FR","@id":"https:\/\/qosqo.lu\/fr\/#\/schema\/logo\/image\/","url":"https:\/\/qosqo.lu\/wp-content\/uploads\/2019\/09\/cropped-logo-1.png","contentUrl":"https:\/\/qosqo.lu\/wp-content\/uploads\/2019\/09\/cropped-logo-1.png","width":639,"height":250,"caption":"QoSQo"},"image":{"@id":"https:\/\/qosqo.lu\/fr\/#\/schema\/logo\/image\/"}}]}},"_links":{"self":[{"href":"https:\/\/qosqo.lu\/fr\/wp-json\/wp\/v2\/pages\/101"}],"collection":[{"href":"https:\/\/qosqo.lu\/fr\/wp-json\/wp\/v2\/pages"}],"about":[{"href":"https:\/\/qosqo.lu\/fr\/wp-json\/wp\/v2\/types\/page"}],"author":[{"embeddable":true,"href":"https:\/\/qosqo.lu\/fr\/wp-json\/wp\/v2\/users\/1"}],"replies":[{"embeddable":true,"href":"https:\/\/qosqo.lu\/fr\/wp-json\/wp\/v2\/comments?post=101"}],"version-history":[{"count":11,"href":"https:\/\/qosqo.lu\/fr\/wp-json\/wp\/v2\/pages\/101\/revisions"}],"predecessor-version":[{"id":484,"href":"https:\/\/qosqo.lu\/fr\/wp-json\/wp\/v2\/pages\/101\/revisions\/484"}],"wp:attachment":[{"href":"https:\/\/qosqo.lu\/fr\/wp-json\/wp\/v2\/media?parent=101"}],"curies":[{"name":"wp","href":"https:\/\/api.w.org\/{rel}","templated":true}]}}