{"id":103,"date":"2019-09-27T13:27:17","date_gmt":"2019-09-27T11:27:17","guid":{"rendered":"https:\/\/qosqo.webdev.lu\/?page_id=103"},"modified":"2019-12-02T15:29:45","modified_gmt":"2019-12-02T14:29:45","slug":"politique-de-confidentialite-2","status":"publish","type":"page","link":"https:\/\/qosqo.lu\/fr\/politique-de-confidentialite-2\/","title":{"rendered":"Politique de confidentialit\u00e9"},"content":{"rendered":"<p>&nbsp;<\/p>\n<p><strong>PROTECTION DES DONN\u00c9ES<\/strong><\/p>\n<p>QoSQo s\u2019engage \u00e0 respecter la vie priv\u00e9e des utilisateurs du site notamment dans le traitement de leurs donn\u00e9es \u00e0 caract\u00e8re personnel.<\/p>\n<p>En vertu du r\u00e8glement (EU) n\u00b0 2016\/679 du Parlement europ\u00e9en et du Conseil du 27 avril 2016, des informations peuvent \u00eatre recueillies et sont enregistr\u00e9es dans un fichier informatis\u00e9 g\u00e9r\u00e9 par QoSQo 15 place d&rsquo;Armes L-1136 Luxembourg. Ce traitement repose sur la ou les finalit\u00e9s suivantes : envoi de communications \u00e0 caract\u00e8re gastronomique au sens large ainsi que sur les services et nouveaut\u00e9s propos\u00e9s par QoSQo dans ces diff\u00e9rents domaines. Ces donn\u00e9es seront conserv\u00e9es aussi longtemps que l\u2019inscription de l\u2019utilisateur sera active. En cas de d\u00e9sinscription de l\u2019utilisateur, QoSQo s\u2019engage \u00e0 effacer les donn\u00e9es en sa possession.<\/p>\n<p>En acc\u00e9dant sur le site https:\/\/qosqo.lu et plus particuli\u00e8rement en s\u2019inscrivant \u00e0 la Newsletter ou en utilisant le bouton Contactez-Nous, R\u00e9server ou encore T\u00e9l\u00e9phoner, l\u2019utilisateur donne son consentement clair et non-\u00e9quivoque au traitement de ses donn\u00e9es personnelles par QoSQo. L\u2019utilisateur est inform\u00e9 du fait qu\u2019il dispose d\u2019un droit de retrait de son consentement. Si ce droit est exerc\u00e9, les donn\u00e9es \u00e0 caract\u00e8re personnel de l\u2019utilisateur ne seront plus trait\u00e9es.<\/p>\n<p>L\u2019utilisateur du site est inform\u00e9 du fait qu\u2019il dispose, en vertu du r\u00e8glement europ\u00e9en pr\u00e9cit\u00e9, de divers droits : le droit d\u2019acc\u00e8s \u00e0 ses donn\u00e9es personnelles, le droit de rectification, d\u2019effacement et d\u2019opposition de ses donn\u00e9es personnelles, droit \u00e0 la portabilit\u00e9 de ses donn\u00e9es. Pour faire valoir ces droits, l\u2019utilisateur devra s\u2019adresser \u00e0 l\u2019adresse suivante : <a href=\"mailto:info@happymex.lu\">info@happymex.lu<\/a><\/p>\n<p>QoSQo se r\u00e9serve le droit de contr\u00f4ler et d\u2019examiner les informations se rapportant aux messages, telles que le contenu, leur provenance ou leur destination, s\u2019il est raisonnablement en mesure de croire que tout ou partie de ces communications ont trait \u00e0 des activit\u00e9s ill\u00e9gales ou illicites, ou s\u2019il en a re\u00e7u l\u2019ordre des autorit\u00e9s comp\u00e9tentes. Sauf si le contr\u00f4le est effectu\u00e9 \u00e0 la requ\u00eate des autorit\u00e9s comp\u00e9tentes, le contr\u00f4le de QoSQo ne pourra porter que sur les messages \u00e0 caract\u00e8re public ou non-confidentiel, c\u2019est-\u00e0-dire les informations se trouvant sur une page web, les messages que l\u2019on trouve dans les forums de discussion ou les mailings informatiques, sans que cette liste ne soit limitative.<\/p>\n<p><strong>HAPPY MEX S.A. S\u2019ENGAGE \u00c0 :<\/strong><\/p>\n<p>1.respecter les droits des utilisateurs ;<\/p>\n<p>2. ne traiter que les donn\u00e9es en corr\u00e9lation avec la ou les finalit\u00e9s d\u00e9termin\u00e9es ;<\/p>\n<p>3. fournir, sur demande expresse de l\u2019utilisateur, les donn\u00e9es \u00e0 caract\u00e8re personnel dans les plus brefs d\u00e9lais ;<\/p>\n<p>4. garantir la confidentialit\u00e9 des donn\u00e9es collect\u00e9es ;<\/p>\n<p>5. adopter les niveaux de s\u00e9curit\u00e9 de protection des donn\u00e9es personnelles requis et pr\u00e9voir tous les moyens et mesures techniques \u00e0 sa port\u00e9e afin d\u2019\u00e9viter la perte, la mauvaise utilisation, l\u2019alt\u00e9ration, la fuite, l\u2019acc\u00e8s non autoris\u00e9 et le vol des donn\u00e9es personnelles. QoSQo ne peut pas \u00eatre responsable des violations de s\u00e9curit\u00e9 ne relevant pas de son contr\u00f4le.<\/p>\n<p>L\u2019utilisateur et QoSQo s\u2019engagent \u00e0 respecter les r\u00e8gles pr\u00e9vues par le r\u00e8glement.<\/p>","protected":false},"excerpt":{"rendered":"<p>&nbsp; PROTECTION DES DONN\u00c9ES QoSQo s\u2019engage \u00e0 respecter la vie priv\u00e9e des utilisateurs du site notamment dans le traitement de leurs donn\u00e9es \u00e0 caract\u00e8re personnel. En vertu du r\u00e8glement (EU) n\u00b0 2016\/679 du Parlement europ\u00e9en et du Conseil du 27 avril 2016, des informations peuvent \u00eatre recueillies et sont enregistr\u00e9es dans un fichier informatis\u00e9 g\u00e9r\u00e9&hellip;<\/p>\n","protected":false},"author":1,"featured_media":0,"parent":0,"menu_order":10,"comment_status":"closed","ping_status":"closed","template":"","meta":{"footnotes":""},"yoast_head":"<!-- This site is optimized with the Yoast SEO plugin v21.6 - https:\/\/yoast.com\/wordpress\/plugins\/seo\/ -->\n<title>Politique de confidentialit\u00e9 - QoSQo<\/title>\n<meta name=\"description\" content=\"Avec QoSQo, embarquez sur les routes de l\u2019Am\u00e9rique latine dans un cadre authentique et tendance pour d\u00e9couvrir une cuisine contemporaine.\" \/>\n<meta name=\"robots\" content=\"index, follow, max-snippet:-1, max-image-preview:large, max-video-preview:-1\" \/>\n<link rel=\"canonical\" href=\"https:\/\/qosqo.lu\/fr\/politique-de-confidentialite-2\/\" \/>\n<meta property=\"og:locale\" content=\"fr_FR\" \/>\n<meta property=\"og:type\" content=\"article\" \/>\n<meta property=\"og:title\" content=\"Politique de confidentialit\u00e9 - QoSQo\" \/>\n<meta property=\"og:description\" content=\"Avec QoSQo, embarquez sur les routes de l\u2019Am\u00e9rique latine dans un cadre authentique et tendance pour d\u00e9couvrir une cuisine contemporaine.\" \/>\n<meta property=\"og:url\" content=\"https:\/\/qosqo.lu\/fr\/politique-de-confidentialite-2\/\" \/>\n<meta property=\"og:site_name\" content=\"QoSQo\" \/>\n<meta property=\"article:modified_time\" content=\"2019-12-02T14:29:45+00:00\" \/>\n<meta name=\"twitter:card\" content=\"summary_large_image\" \/>\n<meta name=\"twitter:label1\" content=\"Est. reading time\" \/>\n\t<meta name=\"twitter:data1\" content=\"6 minutes\" \/>\n<script type=\"application\/ld+json\" class=\"yoast-schema-graph\">{\"@context\":\"https:\/\/schema.org\",\"@graph\":[{\"@type\":\"WebPage\",\"@id\":\"https:\/\/qosqo.lu\/fr\/politique-de-confidentialite-2\/\",\"url\":\"https:\/\/qosqo.lu\/fr\/politique-de-confidentialite-2\/\",\"name\":\"Politique de confidentialit\u00e9 - QoSQo\",\"isPartOf\":{\"@id\":\"https:\/\/qosqo.lu\/fr\/#website\"},\"datePublished\":\"2019-09-27T11:27:17+00:00\",\"dateModified\":\"2019-12-02T14:29:45+00:00\",\"description\":\"Avec QoSQo, embarquez sur les routes de l\u2019Am\u00e9rique latine dans un cadre authentique et tendance pour d\u00e9couvrir une cuisine contemporaine.\",\"breadcrumb\":{\"@id\":\"https:\/\/qosqo.lu\/fr\/politique-de-confidentialite-2\/#breadcrumb\"},\"inLanguage\":\"fr-FR\",\"potentialAction\":[{\"@type\":\"ReadAction\",\"target\":[\"https:\/\/qosqo.lu\/fr\/politique-de-confidentialite-2\/\"]}]},{\"@type\":\"BreadcrumbList\",\"@id\":\"https:\/\/qosqo.lu\/fr\/politique-de-confidentialite-2\/#breadcrumb\",\"itemListElement\":[{\"@type\":\"ListItem\",\"position\":1,\"name\":\"Home\",\"item\":\"https:\/\/qosqo.lu\/\"},{\"@type\":\"ListItem\",\"position\":2,\"name\":\"Politique de confidentialit\u00e9\"}]},{\"@type\":\"WebSite\",\"@id\":\"https:\/\/qosqo.lu\/fr\/#website\",\"url\":\"https:\/\/qosqo.lu\/fr\/\",\"name\":\"QoSQo\",\"description\":\"\",\"publisher\":{\"@id\":\"https:\/\/qosqo.lu\/fr\/#organization\"},\"potentialAction\":[{\"@type\":\"SearchAction\",\"target\":{\"@type\":\"EntryPoint\",\"urlTemplate\":\"https:\/\/qosqo.lu\/fr\/?s={search_term_string}\"},\"query-input\":\"required name=search_term_string\"}],\"inLanguage\":\"fr-FR\"},{\"@type\":\"Organization\",\"@id\":\"https:\/\/qosqo.lu\/fr\/#organization\",\"name\":\"QoSQo\",\"url\":\"https:\/\/qosqo.lu\/fr\/\",\"logo\":{\"@type\":\"ImageObject\",\"inLanguage\":\"fr-FR\",\"@id\":\"https:\/\/qosqo.lu\/fr\/#\/schema\/logo\/image\/\",\"url\":\"https:\/\/qosqo.lu\/wp-content\/uploads\/2019\/09\/cropped-logo-1.png\",\"contentUrl\":\"https:\/\/qosqo.lu\/wp-content\/uploads\/2019\/09\/cropped-logo-1.png\",\"width\":639,\"height\":250,\"caption\":\"QoSQo\"},\"image\":{\"@id\":\"https:\/\/qosqo.lu\/fr\/#\/schema\/logo\/image\/\"}}]}<\/script>\n<!-- \/ Yoast SEO plugin. -->","yoast_head_json":{"title":"Politique de confidentialit\u00e9 - QoSQo","description":"Avec QoSQo, embarquez sur les routes de l\u2019Am\u00e9rique latine dans un cadre authentique et tendance pour d\u00e9couvrir une cuisine contemporaine.","robots":{"index":"index","follow":"follow","max-snippet":"max-snippet:-1","max-image-preview":"max-image-preview:large","max-video-preview":"max-video-preview:-1"},"canonical":"https:\/\/qosqo.lu\/fr\/politique-de-confidentialite-2\/","og_locale":"fr_FR","og_type":"article","og_title":"Politique de confidentialit\u00e9 - QoSQo","og_description":"Avec QoSQo, embarquez sur les routes de l\u2019Am\u00e9rique latine dans un cadre authentique et tendance pour d\u00e9couvrir une cuisine contemporaine.","og_url":"https:\/\/qosqo.lu\/fr\/politique-de-confidentialite-2\/","og_site_name":"QoSQo","article_modified_time":"2019-12-02T14:29:45+00:00","twitter_card":"summary_large_image","twitter_misc":{"Est. reading time":"6 minutes"},"schema":{"@context":"https:\/\/schema.org","@graph":[{"@type":"WebPage","@id":"https:\/\/qosqo.lu\/fr\/politique-de-confidentialite-2\/","url":"https:\/\/qosqo.lu\/fr\/politique-de-confidentialite-2\/","name":"Politique de confidentialit\u00e9 - QoSQo","isPartOf":{"@id":"https:\/\/qosqo.lu\/fr\/#website"},"datePublished":"2019-09-27T11:27:17+00:00","dateModified":"2019-12-02T14:29:45+00:00","description":"Avec QoSQo, embarquez sur les routes de l\u2019Am\u00e9rique latine dans un cadre authentique et tendance pour d\u00e9couvrir une cuisine contemporaine.","breadcrumb":{"@id":"https:\/\/qosqo.lu\/fr\/politique-de-confidentialite-2\/#breadcrumb"},"inLanguage":"fr-FR","potentialAction":[{"@type":"ReadAction","target":["https:\/\/qosqo.lu\/fr\/politique-de-confidentialite-2\/"]}]},{"@type":"BreadcrumbList","@id":"https:\/\/qosqo.lu\/fr\/politique-de-confidentialite-2\/#breadcrumb","itemListElement":[{"@type":"ListItem","position":1,"name":"Home","item":"https:\/\/qosqo.lu\/"},{"@type":"ListItem","position":2,"name":"Politique de confidentialit\u00e9"}]},{"@type":"WebSite","@id":"https:\/\/qosqo.lu\/fr\/#website","url":"https:\/\/qosqo.lu\/fr\/","name":"QoSQo","description":"","publisher":{"@id":"https:\/\/qosqo.lu\/fr\/#organization"},"potentialAction":[{"@type":"SearchAction","target":{"@type":"EntryPoint","urlTemplate":"https:\/\/qosqo.lu\/fr\/?s={search_term_string}"},"query-input":"required name=search_term_string"}],"inLanguage":"fr-FR"},{"@type":"Organization","@id":"https:\/\/qosqo.lu\/fr\/#organization","name":"QoSQo","url":"https:\/\/qosqo.lu\/fr\/","logo":{"@type":"ImageObject","inLanguage":"fr-FR","@id":"https:\/\/qosqo.lu\/fr\/#\/schema\/logo\/image\/","url":"https:\/\/qosqo.lu\/wp-content\/uploads\/2019\/09\/cropped-logo-1.png","contentUrl":"https:\/\/qosqo.lu\/wp-content\/uploads\/2019\/09\/cropped-logo-1.png","width":639,"height":250,"caption":"QoSQo"},"image":{"@id":"https:\/\/qosqo.lu\/fr\/#\/schema\/logo\/image\/"}}]}},"_links":{"self":[{"href":"https:\/\/qosqo.lu\/fr\/wp-json\/wp\/v2\/pages\/103"}],"collection":[{"href":"https:\/\/qosqo.lu\/fr\/wp-json\/wp\/v2\/pages"}],"about":[{"href":"https:\/\/qosqo.lu\/fr\/wp-json\/wp\/v2\/types\/page"}],"author":[{"embeddable":true,"href":"https:\/\/qosqo.lu\/fr\/wp-json\/wp\/v2\/users\/1"}],"replies":[{"embeddable":true,"href":"https:\/\/qosqo.lu\/fr\/wp-json\/wp\/v2\/comments?post=103"}],"version-history":[{"count":8,"href":"https:\/\/qosqo.lu\/fr\/wp-json\/wp\/v2\/pages\/103\/revisions"}],"predecessor-version":[{"id":483,"href":"https:\/\/qosqo.lu\/fr\/wp-json\/wp\/v2\/pages\/103\/revisions\/483"}],"wp:attachment":[{"href":"https:\/\/qosqo.lu\/fr\/wp-json\/wp\/v2\/media?parent=103"}],"curies":[{"name":"wp","href":"https:\/\/api.w.org\/{rel}","templated":true}]}}