{"id":105,"date":"2019-09-27T13:27:33","date_gmt":"2019-09-27T11:27:33","guid":{"rendered":"https:\/\/qosqo.webdev.lu\/?page_id=105"},"modified":"2020-02-17T11:00:30","modified_gmt":"2020-02-17T10:00:30","slug":"mention-legales","status":"publish","type":"page","link":"https:\/\/qosqo.lu\/fr\/mention-legales\/","title":{"rendered":"Mention l\u00e9gales"},"content":{"rendered":"<p>&nbsp;<\/p>\n<p><strong>Mentions L\u00e9gales <\/strong><\/p>\n<p>La consultation du site qosqo.lu et son usage sont soumis au respect et \u00e0 l\u2019acceptation inconditionnelle de l\u2019ensemble des termes, conditions et mentions d\u2019avertissement contenus aux conditions suivantes. Par l\u2019utilisation de ce Site Web, vous acceptez express\u00e9ment et sans limitation lesdits termes, conditions et mentions d\u2019avertissement.<\/p>\n<h1>INFORMATIONS L\u00c9GALES<\/h1>\n<p>Le Site et tout son contenu est la propri\u00e9t\u00e9 de la soci\u00e9t\u00e9 HAPPY MEX S.A., dont le si\u00e8ge social est situ\u00e9 \u00e0 15, Place d\u2019Armes, L-1136, Luxembourg-Ville, inscrite et immatricul\u00e9e au registre de commerce de Luxembourg sous le num\u00e9ro B65186<\/p>\n<p>Responsable de la publication : info@happymex.lu<a href=\"mailto:info@latabledefrank.lu\"><br \/>\n<\/a>Responsable de la Communication : info@happymex.lu<br \/>\nH\u00e9bergement : NOOSPHERE<br \/>\nPour de plus amples informations, contacter : info@happymex.lu<a href=\"mailto:reception@steffen.lu\"><br \/>\n<\/a>Le site a \u00e9t\u00e9 r\u00e9alis\u00e9 et d\u00e9velopp\u00e9 par NOOSPHERE<\/p>\n<h1>AVERTISSEMENT<\/h1>\n<p>Les informations diffus\u00e9es sur ce Site Internet ne sont fournies qu\u2019\u00e0 titre indicatif et ne rev\u00eatent aucun caract\u00e8re contractuel. HAPPY MEX S.A. ne peut en effet parfaitement garantir l\u2019exactitude, la pr\u00e9cision ou l\u2019exhaustivit\u00e9 des informations mises \u00e0 disposition sur ce Site. En cons\u00e9quence, HAPPY MEX S.A. d\u00e9cline toute responsabilit\u00e9 :<\/p>\n<ul>\n<li>pour toute impr\u00e9cision, inexactitude ou omission portant sur des informations disponibles sur le Site ;<\/li>\n<li>pour tous dommages, directs et\/ou indirects, quelles qu\u2019en soient les causes, origines, natures ou cons\u00e9quences, provoqu\u00e9s \u00e0 raison de l\u2019acc\u00e8s de quiconque au Site ou de l\u2019impossibilit\u00e9 d\u2019y acc\u00e9der, de m\u00eame que l\u2019utilisation de Site et\/ou du cr\u00e9dit accord\u00e9 \u00e0 une quelconque information provenant directement ou indirectement de ce Site.<\/li>\n<\/ul>\n<p>HAPPY MEX S.A. se r\u00e9serve le droit de modifier ou de corriger le contenu du Site \u00e0 tout moment sans pr\u00e9avis. HAPPY MEX S.A. ne saurait \u00eatre tenu pour responsable des dommages susceptibles de r\u00e9sulter de l\u2019utilisation des informations diffus\u00e9es sur ce Site Internet et\/ou de l\u2019utilisation d\u2019un produit ou service auquel ces informations font r\u00e9f\u00e9rence. Il appartient \u00e0 l\u2019utilisateur de v\u00e9rifier l\u2019exactitude des informations fournies ainsi que leur utilisation.<\/p>\n<h1>COPYRIGHT ET PROPRI\u00c9T\u00c9 INTELLECTUELLE<\/h1>\n<h3>3.1 Droits d\u2019auteur<\/h3>\n<p>Sauf mention contraire, toutes les informations sur ce serveur Internet et documents contenus dans le Site ainsi que tous les \u00e9l\u00e9ments cr\u00e9\u00e9s pour le Site sont la propri\u00e9t\u00e9 de HAPPY MEX S.A et sont prot\u00e9g\u00e9s par les droits de propri\u00e9t\u00e9 intellectuelle.<\/p>\n<p>La reproduction et l\u2019utilisation de tous documents et informations publi\u00e9s sur ce Site sont seulement autoris\u00e9es aux fins exclusives d\u2019information pour un usage strictement personnel et priv\u00e9 et moyennant mention de la source. Toute reproduction, utilisation ou diffusion de copies r\u00e9alis\u00e9es \u00e0 d\u2019autres fins est express\u00e9ment interdite et sanctionn\u00e9e p\u00e9nalement.<\/p>\n<p>Aucune licence, ni aucun droit autre que celui de consulter le Site, n\u2019est conf\u00e9r\u00e9 au visiteur du Site au regard des droits de propri\u00e9t\u00e9 intellectuelle. Toute reproduction et toute utilisation de copie r\u00e9alis\u00e9e en dehors d\u2019un usage strictement priv\u00e9 est express\u00e9ment interdite.<\/p>\n<p>L\u2019utilisation de la structure du Site Internet et de ses \u00e9l\u00e9ments logiciels mettant notamment en \u0153uvre tout ou partie des bases de donn\u00e9es du Site n\u2019est autoris\u00e9e que pour une utilisation strictement personnelle et priv\u00e9e excluant toute utilisation \u00e0 des fins professionnelles et\/ou commerciales.<\/p>\n<h3>3.2. Signes distinctifs<\/h3>\n<p>Sauf mention contraire, les d\u00e9nominations sociales, les logos, les produits et marques cit\u00e9s dans ce Site Internet (produits \u00ae et \u2122) sont la propri\u00e9t\u00e9 de HAPPY MEX S.A. Ils ne peuvent \u00eatre utilis\u00e9s sans l\u2019autorisation \u00e9crite et pr\u00e9alable de HAPPY MEX S.A.<\/p>\n<h3>3.3. Base de donn\u00e9es<\/h3>\n<p>L\u2019ensemble du contenu de ce Site est prot\u00e9g\u00e9 par les droits intellectuels dont HAPPY MEX S.A et\/ou ses fournisseurs et partenaires sont titulaires. Concernant la protection juridique des bases de donn\u00e9es, HAPPY MEX S.A est producteur et propri\u00e9taire de tout ou partie des bases de donn\u00e9es composant le pr\u00e9sent Site.<\/p>\n<p>En acc\u00e9dant au pr\u00e9sent Site, l\u2019utilisateur s\u2019interdit notamment d\u2019extraire, r\u00e9utiliser, stocker, reproduire, repr\u00e9senter ou conserver, directement ou indirectement, par transfert permanent ou temporaire, sur un support quelconque, par tout moyen et sous toute forme que ce soit, y compris par lien(s) hypertexte(s), tout ou partie qualitativement ou quantitativement substantielle du contenu des bases de donn\u00e9es figurant sur le site qosqo.lu ainsi que d\u2019en faire l\u2019extraction ou la r\u00e9utilisation r\u00e9p\u00e9t\u00e9e et syst\u00e9matique de parties qualitativement et quantitativement non substantielles lorsque ces op\u00e9rations exc\u00e8dent manifestement les conditions d\u2019utilisation normale.<\/p>\n<h1>LIENS HYPERTEXTES<\/h1>\n<p>HAPPY MEX S.A d\u00e9cline formellement toute responsabilit\u00e9 quant aux contenus du Site vers lesquels il offre des liens. Les \u00e9ventuels liens propos\u00e9s aux utilisateurs du Site Internet qosqo.lu sont \u00e0 titre de service. La d\u00e9cision d\u2019activer les liens appartient exclusivement aux utilisateurs du Site Internet. Tout lien simple et\/ou profond ou \u00ab framing \u00bb \u00e0 destination du Site HAPPY MEX S.A est strictement interdit et en cons\u00e9quence, aucun \u00e9l\u00e9ment figurant sur une page du Site Internet HAPPY MEX S.A ne peut \u00eatre partiellement ou totalement diffus\u00e9, transf\u00e9r\u00e9 ou ins\u00e9r\u00e9 sur un autre Site Internet, ni servir \u00e0 cr\u00e9er des produits d\u00e9riv\u00e9s, sauf autorisation expresse de HAPPY MEX S.A.<\/p>\n<h1>COMMUNICATION<\/h1>\n<p>La communication envoy\u00e9e aux utilisateurs des services propos\u00e9s sur ce Site, qu\u2019elle soit sous forme \u00e9lectronique ou postale, sera r\u00e9put\u00e9e re\u00e7ue par l\u2019utilisateur en personne.<\/p>\n<h1>MODIFICATIONS DES CONDITIONS G\u00c9N\u00c9RALES D\u2019UTILISATION<\/h1>\n<p>HAPPY MEX S.A. se r\u00e9serve le droit de modifier les termes, conditions et mentions d\u2019avertissement.<\/p>\n<p>&nbsp;<\/p>","protected":false},"excerpt":{"rendered":"<p>&nbsp; Mentions L\u00e9gales La consultation du site qosqo.lu et son usage sont soumis au respect et \u00e0 l\u2019acceptation inconditionnelle de l\u2019ensemble des termes, conditions et mentions d\u2019avertissement contenus aux conditions suivantes. Par l\u2019utilisation de ce Site Web, vous acceptez express\u00e9ment et sans limitation lesdits termes, conditions et mentions d\u2019avertissement. INFORMATIONS L\u00c9GALES Le Site et tout&hellip;<\/p>\n","protected":false},"author":1,"featured_media":0,"parent":0,"menu_order":8,"comment_status":"closed","ping_status":"closed","template":"","meta":{"footnotes":""},"yoast_head":"<!-- This site is optimized with the Yoast SEO plugin v21.6 - https:\/\/yoast.com\/wordpress\/plugins\/seo\/ -->\n<title>Mention l\u00e9gales - QoSQo<\/title>\n<meta name=\"description\" content=\"Avec QoSQo, embarquez sur les routes de l\u2019Am\u00e9rique latine dans un cadre authentique et tendance pour d\u00e9couvrir une cuisine contemporaine.\" \/>\n<meta name=\"robots\" content=\"index, follow, max-snippet:-1, max-image-preview:large, max-video-preview:-1\" \/>\n<link rel=\"canonical\" href=\"https:\/\/qosqo.lu\/fr\/mention-legales\/\" \/>\n<meta property=\"og:locale\" content=\"fr_FR\" \/>\n<meta property=\"og:type\" content=\"article\" \/>\n<meta property=\"og:title\" content=\"Mention l\u00e9gales - QoSQo\" \/>\n<meta property=\"og:description\" content=\"Avec QoSQo, embarquez sur les routes de l\u2019Am\u00e9rique latine dans un cadre authentique et tendance pour d\u00e9couvrir une cuisine contemporaine.\" \/>\n<meta property=\"og:url\" content=\"https:\/\/qosqo.lu\/fr\/mention-legales\/\" \/>\n<meta property=\"og:site_name\" content=\"QoSQo\" \/>\n<meta property=\"article:modified_time\" content=\"2020-02-17T10:00:30+00:00\" \/>\n<meta name=\"twitter:card\" content=\"summary_large_image\" \/>\n<meta name=\"twitter:label1\" content=\"Est. reading time\" \/>\n\t<meta name=\"twitter:data1\" content=\"5 minutes\" \/>\n<script type=\"application\/ld+json\" class=\"yoast-schema-graph\">{\"@context\":\"https:\/\/schema.org\",\"@graph\":[{\"@type\":\"WebPage\",\"@id\":\"https:\/\/qosqo.lu\/fr\/mention-legales\/\",\"url\":\"https:\/\/qosqo.lu\/fr\/mention-legales\/\",\"name\":\"Mention l\u00e9gales - QoSQo\",\"isPartOf\":{\"@id\":\"https:\/\/qosqo.lu\/fr\/#website\"},\"datePublished\":\"2019-09-27T11:27:33+00:00\",\"dateModified\":\"2020-02-17T10:00:30+00:00\",\"description\":\"Avec QoSQo, embarquez sur les routes de l\u2019Am\u00e9rique latine dans un cadre authentique et tendance pour d\u00e9couvrir une cuisine contemporaine.\",\"breadcrumb\":{\"@id\":\"https:\/\/qosqo.lu\/fr\/mention-legales\/#breadcrumb\"},\"inLanguage\":\"fr-FR\",\"potentialAction\":[{\"@type\":\"ReadAction\",\"target\":[\"https:\/\/qosqo.lu\/fr\/mention-legales\/\"]}]},{\"@type\":\"BreadcrumbList\",\"@id\":\"https:\/\/qosqo.lu\/fr\/mention-legales\/#breadcrumb\",\"itemListElement\":[{\"@type\":\"ListItem\",\"position\":1,\"name\":\"Home\",\"item\":\"https:\/\/qosqo.lu\/\"},{\"@type\":\"ListItem\",\"position\":2,\"name\":\"Mention l\u00e9gales\"}]},{\"@type\":\"WebSite\",\"@id\":\"https:\/\/qosqo.lu\/fr\/#website\",\"url\":\"https:\/\/qosqo.lu\/fr\/\",\"name\":\"QoSQo\",\"description\":\"\",\"publisher\":{\"@id\":\"https:\/\/qosqo.lu\/fr\/#organization\"},\"potentialAction\":[{\"@type\":\"SearchAction\",\"target\":{\"@type\":\"EntryPoint\",\"urlTemplate\":\"https:\/\/qosqo.lu\/fr\/?s={search_term_string}\"},\"query-input\":\"required name=search_term_string\"}],\"inLanguage\":\"fr-FR\"},{\"@type\":\"Organization\",\"@id\":\"https:\/\/qosqo.lu\/fr\/#organization\",\"name\":\"QoSQo\",\"url\":\"https:\/\/qosqo.lu\/fr\/\",\"logo\":{\"@type\":\"ImageObject\",\"inLanguage\":\"fr-FR\",\"@id\":\"https:\/\/qosqo.lu\/fr\/#\/schema\/logo\/image\/\",\"url\":\"https:\/\/qosqo.lu\/wp-content\/uploads\/2019\/09\/cropped-logo-1.png\",\"contentUrl\":\"https:\/\/qosqo.lu\/wp-content\/uploads\/2019\/09\/cropped-logo-1.png\",\"width\":639,\"height\":250,\"caption\":\"QoSQo\"},\"image\":{\"@id\":\"https:\/\/qosqo.lu\/fr\/#\/schema\/logo\/image\/\"}}]}<\/script>\n<!-- \/ Yoast SEO plugin. -->","yoast_head_json":{"title":"Mention l\u00e9gales - QoSQo","description":"Avec QoSQo, embarquez sur les routes de l\u2019Am\u00e9rique latine dans un cadre authentique et tendance pour d\u00e9couvrir une cuisine contemporaine.","robots":{"index":"index","follow":"follow","max-snippet":"max-snippet:-1","max-image-preview":"max-image-preview:large","max-video-preview":"max-video-preview:-1"},"canonical":"https:\/\/qosqo.lu\/fr\/mention-legales\/","og_locale":"fr_FR","og_type":"article","og_title":"Mention l\u00e9gales - QoSQo","og_description":"Avec QoSQo, embarquez sur les routes de l\u2019Am\u00e9rique latine dans un cadre authentique et tendance pour d\u00e9couvrir une cuisine contemporaine.","og_url":"https:\/\/qosqo.lu\/fr\/mention-legales\/","og_site_name":"QoSQo","article_modified_time":"2020-02-17T10:00:30+00:00","twitter_card":"summary_large_image","twitter_misc":{"Est. reading time":"5 minutes"},"schema":{"@context":"https:\/\/schema.org","@graph":[{"@type":"WebPage","@id":"https:\/\/qosqo.lu\/fr\/mention-legales\/","url":"https:\/\/qosqo.lu\/fr\/mention-legales\/","name":"Mention l\u00e9gales - QoSQo","isPartOf":{"@id":"https:\/\/qosqo.lu\/fr\/#website"},"datePublished":"2019-09-27T11:27:33+00:00","dateModified":"2020-02-17T10:00:30+00:00","description":"Avec QoSQo, embarquez sur les routes de l\u2019Am\u00e9rique latine dans un cadre authentique et tendance pour d\u00e9couvrir une cuisine contemporaine.","breadcrumb":{"@id":"https:\/\/qosqo.lu\/fr\/mention-legales\/#breadcrumb"},"inLanguage":"fr-FR","potentialAction":[{"@type":"ReadAction","target":["https:\/\/qosqo.lu\/fr\/mention-legales\/"]}]},{"@type":"BreadcrumbList","@id":"https:\/\/qosqo.lu\/fr\/mention-legales\/#breadcrumb","itemListElement":[{"@type":"ListItem","position":1,"name":"Home","item":"https:\/\/qosqo.lu\/"},{"@type":"ListItem","position":2,"name":"Mention l\u00e9gales"}]},{"@type":"WebSite","@id":"https:\/\/qosqo.lu\/fr\/#website","url":"https:\/\/qosqo.lu\/fr\/","name":"QoSQo","description":"","publisher":{"@id":"https:\/\/qosqo.lu\/fr\/#organization"},"potentialAction":[{"@type":"SearchAction","target":{"@type":"EntryPoint","urlTemplate":"https:\/\/qosqo.lu\/fr\/?s={search_term_string}"},"query-input":"required name=search_term_string"}],"inLanguage":"fr-FR"},{"@type":"Organization","@id":"https:\/\/qosqo.lu\/fr\/#organization","name":"QoSQo","url":"https:\/\/qosqo.lu\/fr\/","logo":{"@type":"ImageObject","inLanguage":"fr-FR","@id":"https:\/\/qosqo.lu\/fr\/#\/schema\/logo\/image\/","url":"https:\/\/qosqo.lu\/wp-content\/uploads\/2019\/09\/cropped-logo-1.png","contentUrl":"https:\/\/qosqo.lu\/wp-content\/uploads\/2019\/09\/cropped-logo-1.png","width":639,"height":250,"caption":"QoSQo"},"image":{"@id":"https:\/\/qosqo.lu\/fr\/#\/schema\/logo\/image\/"}}]}},"_links":{"self":[{"href":"https:\/\/qosqo.lu\/fr\/wp-json\/wp\/v2\/pages\/105"}],"collection":[{"href":"https:\/\/qosqo.lu\/fr\/wp-json\/wp\/v2\/pages"}],"about":[{"href":"https:\/\/qosqo.lu\/fr\/wp-json\/wp\/v2\/types\/page"}],"author":[{"embeddable":true,"href":"https:\/\/qosqo.lu\/fr\/wp-json\/wp\/v2\/users\/1"}],"replies":[{"embeddable":true,"href":"https:\/\/qosqo.lu\/fr\/wp-json\/wp\/v2\/comments?post=105"}],"version-history":[{"count":5,"href":"https:\/\/qosqo.lu\/fr\/wp-json\/wp\/v2\/pages\/105\/revisions"}],"predecessor-version":[{"id":652,"href":"https:\/\/qosqo.lu\/fr\/wp-json\/wp\/v2\/pages\/105\/revisions\/652"}],"wp:attachment":[{"href":"https:\/\/qosqo.lu\/fr\/wp-json\/wp\/v2\/media?parent=105"}],"curies":[{"name":"wp","href":"https:\/\/api.w.org\/{rel}","templated":true}]}}